{"id":2504,"date":"2022-03-22T12:08:11","date_gmt":"2022-03-22T11:08:11","guid":{"rendered":"https:\/\/idabus.com\/informationen-zum-unternehmen\/"},"modified":"2026-01-22T13:11:20","modified_gmt":"2026-01-22T12:11:20","slug":"informationen-zum-unternehmen","status":"publish","type":"page","link":"https:\/\/idabus.com\/de\/informationen-zum-unternehmen\/","title":{"rendered":"Informationen zum Unternehmen"},"content":{"rendered":"\t\t<div data-elementor-type=\"wp-page\" data-elementor-id=\"2504\" class=\"elementor elementor-2504 elementor-477\" data-elementor-post-type=\"page\">\n\t\t\t\t\t\t<section class=\"has_eae_slider elementor-section elementor-top-section elementor-element elementor-element-6dc9917 elementor-section-full_width elementor-section-height-min-height elementor-section-height-default elementor-section-items-middle\" data-eae-slider=\"41220\" data-id=\"6dc9917\" data-element_type=\"section\" data-settings=\"{&quot;background_background&quot;:&quot;classic&quot;}\">\n\t\t\t\t\t\t<div class=\"elementor-container elementor-column-gap-default\">\n\t\t\t\t\t<div class=\"has_eae_slider elementor-column elementor-col-100 elementor-top-column elementor-element elementor-element-cf8392e\" data-eae-slider=\"70502\" data-id=\"cf8392e\" data-element_type=\"column\">\n\t\t\t<div class=\"elementor-widget-wrap\">\n\t\t\t\t\t\t\t<\/div>\n\t\t<\/div>\n\t\t\t\t\t<\/div>\n\t\t<\/section>\n\t\t\t\t<section class=\"has_eae_slider elementor-section elementor-top-section elementor-element elementor-element-cd37df6 elementor-section-full_width elementor-section-height-default elementor-section-height-default\" data-eae-slider=\"88811\" data-id=\"cd37df6\" data-element_type=\"section\">\n\t\t\t\t\t\t<div class=\"elementor-container elementor-column-gap-default\">\n\t\t\t\t\t<div class=\"has_eae_slider elementor-column elementor-col-100 elementor-top-column elementor-element elementor-element-9ca06bc\" data-eae-slider=\"80257\" data-id=\"9ca06bc\" data-element_type=\"column\">\n\t\t\t<div class=\"elementor-widget-wrap elementor-element-populated\">\n\t\t\t\t\t\t<div class=\"elementor-element elementor-element-a9c07bf elementor-widget elementor-widget-spacer\" data-id=\"a9c07bf\" data-element_type=\"widget\" data-widget_type=\"spacer.default\">\n\t\t\t\t<div class=\"elementor-widget-container\">\n\t\t\t\t\t\t\t<div class=\"elementor-spacer\">\n\t\t\t<div class=\"elementor-spacer-inner\"><\/div>\n\t\t<\/div>\n\t\t\t\t\t\t<\/div>\n\t\t\t\t<\/div>\n\t\t\t\t\t<\/div>\n\t\t<\/div>\n\t\t\t\t\t<\/div>\n\t\t<\/section>\n\t\t\t\t<section class=\"has_eae_slider elementor-section elementor-top-section elementor-element elementor-element-cd9b529 elementor-section-boxed elementor-section-height-default elementor-section-height-default\" data-eae-slider=\"97121\" data-id=\"cd9b529\" data-element_type=\"section\">\n\t\t\t\t\t\t<div class=\"elementor-container elementor-column-gap-default\">\n\t\t\t\t\t<div class=\"has_eae_slider elementor-column elementor-col-100 elementor-top-column elementor-element elementor-element-c2344a4\" data-eae-slider=\"25242\" data-id=\"c2344a4\" data-element_type=\"column\">\n\t\t\t<div class=\"elementor-widget-wrap elementor-element-populated\">\n\t\t\t\t\t\t<section class=\"has_eae_slider elementor-section elementor-inner-section elementor-element elementor-element-fbe159e elementor-section-boxed elementor-section-height-default elementor-section-height-default\" data-eae-slider=\"89993\" data-id=\"fbe159e\" data-element_type=\"section\">\n\t\t\t\t\t\t<div class=\"elementor-container elementor-column-gap-default\">\n\t\t\t\t\t<div class=\"has_eae_slider elementor-column elementor-col-100 elementor-inner-column elementor-element elementor-element-0ce0a26\" data-eae-slider=\"48603\" data-id=\"0ce0a26\" data-element_type=\"column\">\n\t\t\t<div class=\"elementor-widget-wrap elementor-element-populated\">\n\t\t\t\t\t\t<div class=\"elementor-element elementor-element-101d3fc elementor-widget elementor-widget-text-editor\" data-id=\"101d3fc\" data-element_type=\"widget\" data-widget_type=\"text-editor.default\">\n\t\t\t\t<div class=\"elementor-widget-container\">\n\t\t\t\t\t\t\t\t\t<h3>Unternehmensinformationen nach dem Telemediengesetz<\/h3><p>IDABUS D.O.O.<br>Cetinjska 11\/IV The Capital Plaza<br>ME-81000 Podgorica<\/p><p>Anmeldung Gericht: 50990163<\/p><p><strong>Vertreten durch:<\/strong><br>R\u00fcdiger Berndt<\/p><h3>Kontakt<\/h3><p>Telefon: +382 67 506 177<br>E-mail: info@idabus.com<\/p><h3>UST-ID<\/h3><p>Umsatzsteuer-Identifikationsnummer gem\u00e4\u00df dem Umsatzsteuergesetz : 30\/31-23703-2<\/p><h3>Gewerbeanmeldung<\/h3><p>Die Gewerbeanmeldung erfolgte am 11.10.2021.<\/p><h3>Verantwortliche Person f\u00fcr die Redaktion<\/h3><p>R\u00fcdiger Berndt<br>Gie\u00dfereistra\u00dfe 16<br>85435 Erding<\/p><h3>Streitbeilegungsverfahren vor einer Verbraucherschlichtungsstelle<\/h3><p>Wir sind nicht bereit oder verpflichtet, an einem Streitbeilegungsverfahren vor einer Verbraucherschlichtungsstelle teilzunehmen.<\/p><h3> <\/h3><h3>Umsetzung<\/h3><p>Dieses Webprojekt wurde in Zusammenarbeit mit <a href=\"https:\/\/iavatro.de\" target=\"_blank\" rel=\"noopener\">iavatro UG (haftungsbeschr\u00e4nkt) <\/a>realisiert.<\/p><h3> <\/h3><h3>Bilder<\/h3><p>Die Bilder zeigen ausschlie\u00dflich Mitarbeiter der Oxford Computer Group GmbH, Deutschland und wurden von<a href=\"http:\/\/neu.foto-zeiler.de\/\" target=\"_blank\" rel=\"noopener\"> Foto Zeiler <\/a>zu Werbezwecken aufgenommen.<\/p><p><strong>Bilder Blog<\/strong><\/p><p>Weihnachtsmann und Zauberzeit von magdal3na &#8211; stock.adobe.com<br>Hund surft auf einer Welle von Javier Brosch &#8211; sotck.adobe.com<\/p>\t\t\t\t\t\t\t\t<\/div>\n\t\t\t\t<\/div>\n\t\t\t\t\t<\/div>\n\t\t<\/div>\n\t\t\t\t\t<\/div>\n\t\t<\/section>\n\t\t\t\t\t<\/div>\n\t\t<\/div>\n\t\t\t\t\t<\/div>\n\t\t<\/section>\n\t\t\t\t<section class=\"has_eae_slider elementor-section elementor-top-section elementor-element elementor-element-f63bc8a elementor-section-full_width elementor-section-height-default elementor-section-height-default\" data-eae-slider=\"17362\" data-id=\"f63bc8a\" data-element_type=\"section\">\n\t\t\t\t\t\t<div class=\"elementor-container elementor-column-gap-default\">\n\t\t\t\t\t<div class=\"has_eae_slider elementor-column elementor-col-100 elementor-top-column elementor-element elementor-element-79b5f67\" data-eae-slider=\"21917\" data-id=\"79b5f67\" data-element_type=\"column\">\n\t\t\t<div class=\"elementor-widget-wrap elementor-element-populated\">\n\t\t\t\t\t\t<div class=\"elementor-element elementor-element-73383ff elementor-widget elementor-widget-spacer\" data-id=\"73383ff\" data-element_type=\"widget\" data-widget_type=\"spacer.default\">\n\t\t\t\t<div class=\"elementor-widget-container\">\n\t\t\t\t\t\t\t<div class=\"elementor-spacer\">\n\t\t\t<div class=\"elementor-spacer-inner\"><\/div>\n\t\t<\/div>\n\t\t\t\t\t\t<\/div>\n\t\t\t\t<\/div>\n\t\t\t\t\t<\/div>\n\t\t<\/div>\n\t\t\t\t\t<\/div>\n\t\t<\/section>\n\t\t\t\t<\/div>\n\t\t","protected":false},"excerpt":{"rendered":"<p>Unternehmensinformationen nach dem Telemediengesetz IDABUS D.O.O.Cetinjska 11\/IV The Capital PlazaME-81000 Podgorica Anmeldung Gericht: 50990163 Vertreten durch:R\u00fcdiger Berndt Kontakt Telefon: +382 67 506 177E-mail: info@idabus.com UST-ID Umsatzsteuer-Identifikationsnummer gem\u00e4\u00df dem Umsatzsteuergesetz : 30\/31-23703-2 Gewerbeanmeldung Die Gewerbeanmeldung erfolgte am 11.10.2021. Verantwortliche Person f\u00fcr die Redaktion R\u00fcdiger BerndtGie\u00dfereistra\u00dfe 1685435 Erding Streitbeilegungsverfahren vor einer Verbraucherschlichtungsstelle Wir sind nicht bereit oder [&hellip;]<\/p>\n","protected":false},"author":1,"featured_media":0,"parent":0,"menu_order":0,"comment_status":"closed","ping_status":"closed","template":"","meta":{"footnotes":""},"class_list":["post-2504","page","type-page","status-publish","hentry"],"yoast_head":"<!-- This site is optimized with the Yoast SEO plugin v26.6 - https:\/\/yoast.com\/wordpress\/plugins\/seo\/ -->\n<title>Impressum | Unternehmensinformationen<\/title>\n<meta name=\"robots\" content=\"noindex, follow\" \/>\n<meta property=\"og:locale\" content=\"de_DE\" \/>\n<meta property=\"og:type\" content=\"article\" \/>\n<meta property=\"og:title\" content=\"Impressum | Unternehmensinformationen\" \/>\n<meta property=\"og:description\" content=\"Unternehmensinformationen nach dem Telemediengesetz IDABUS D.O.O.Cetinjska 11\/IV The Capital PlazaME-81000 Podgorica Anmeldung Gericht: 50990163 Vertreten durch:R\u00fcdiger Berndt Kontakt Telefon: +382 67 506 177E-mail: info@idabus.com UST-ID Umsatzsteuer-Identifikationsnummer gem\u00e4\u00df dem Umsatzsteuergesetz : 30\/31-23703-2 Gewerbeanmeldung Die Gewerbeanmeldung erfolgte am 11.10.2021. Verantwortliche Person f\u00fcr die Redaktion R\u00fcdiger BerndtGie\u00dfereistra\u00dfe 1685435 Erding Streitbeilegungsverfahren vor einer Verbraucherschlichtungsstelle Wir sind nicht bereit oder [&hellip;]\" \/>\n<meta property=\"og:url\" content=\"https:\/\/idabus.com\/de\/informationen-zum-unternehmen\/\" \/>\n<meta property=\"og:site_name\" content=\"IDABUS D.O.O.\" \/>\n<meta property=\"article:modified_time\" content=\"2026-01-22T12:11:20+00:00\" \/>\n<meta name=\"twitter:card\" content=\"summary_large_image\" \/>\n<meta name=\"twitter:label1\" content=\"Gesch\u00e4tzte Lesezeit\" \/>\n\t<meta name=\"twitter:data1\" content=\"1\u00a0Minute\" \/>\n<script type=\"application\/ld+json\" class=\"yoast-schema-graph\">{\"@context\":\"https:\/\/schema.org\",\"@graph\":[{\"@type\":\"WebPage\",\"@id\":\"https:\/\/idabus.com\/de\/informationen-zum-unternehmen\/\",\"url\":\"https:\/\/idabus.com\/de\/informationen-zum-unternehmen\/\",\"name\":\"Impressum | Unternehmensinformationen\",\"isPartOf\":{\"@id\":\"https:\/\/idabus.com\/de\/#website\"},\"datePublished\":\"2022-03-22T11:08:11+00:00\",\"dateModified\":\"2026-01-22T12:11:20+00:00\",\"breadcrumb\":{\"@id\":\"https:\/\/idabus.com\/de\/informationen-zum-unternehmen\/#breadcrumb\"},\"inLanguage\":\"de\",\"potentialAction\":[{\"@type\":\"ReadAction\",\"target\":[\"https:\/\/idabus.com\/de\/informationen-zum-unternehmen\/\"]}]},{\"@type\":\"BreadcrumbList\",\"@id\":\"https:\/\/idabus.com\/de\/informationen-zum-unternehmen\/#breadcrumb\",\"itemListElement\":[{\"@type\":\"ListItem\",\"position\":1,\"name\":\"Startseite\",\"item\":\"https:\/\/idabus.com\/de\/idabus-d-o-o\/\"},{\"@type\":\"ListItem\",\"position\":2,\"name\":\"Informationen zum Unternehmen\"}]},{\"@type\":\"WebSite\",\"@id\":\"https:\/\/idabus.com\/de\/#website\",\"url\":\"https:\/\/idabus.com\/de\/\",\"name\":\"IDABUS D.O.O.\",\"description\":\"Identity and Access Management Systems | IDABUS\",\"publisher\":{\"@id\":\"https:\/\/idabus.com\/de\/#organization\"},\"potentialAction\":[{\"@type\":\"SearchAction\",\"target\":{\"@type\":\"EntryPoint\",\"urlTemplate\":\"https:\/\/idabus.com\/de\/?s={search_term_string}\"},\"query-input\":{\"@type\":\"PropertyValueSpecification\",\"valueRequired\":true,\"valueName\":\"search_term_string\"}}],\"inLanguage\":\"de\"},{\"@type\":\"Organization\",\"@id\":\"https:\/\/idabus.com\/de\/#organization\",\"name\":\"IDABUS D.O.O.\",\"url\":\"https:\/\/idabus.com\/de\/\",\"logo\":{\"@type\":\"ImageObject\",\"inLanguage\":\"de\",\"@id\":\"https:\/\/idabus.com\/de\/#\/schema\/logo\/image\/\",\"url\":\"https:\/\/idabus.com\/wp-content\/uploads\/sites\/3\/2022\/03\/Idabus_Logo.png\",\"contentUrl\":\"https:\/\/idabus.com\/wp-content\/uploads\/sites\/3\/2022\/03\/Idabus_Logo.png\",\"width\":486,\"height\":117,\"caption\":\"IDABUS D.O.O.\"},\"image\":{\"@id\":\"https:\/\/idabus.com\/de\/#\/schema\/logo\/image\/\"}}]}<\/script>\n<!-- \/ Yoast SEO plugin. -->","yoast_head_json":{"title":"Impressum | Unternehmensinformationen","robots":{"index":"noindex","follow":"follow"},"og_locale":"de_DE","og_type":"article","og_title":"Impressum | Unternehmensinformationen","og_description":"Unternehmensinformationen nach dem Telemediengesetz IDABUS D.O.O.Cetinjska 11\/IV The Capital PlazaME-81000 Podgorica Anmeldung Gericht: 50990163 Vertreten durch:R\u00fcdiger Berndt Kontakt Telefon: +382 67 506 177E-mail: info@idabus.com UST-ID Umsatzsteuer-Identifikationsnummer gem\u00e4\u00df dem Umsatzsteuergesetz : 30\/31-23703-2 Gewerbeanmeldung Die Gewerbeanmeldung erfolgte am 11.10.2021. Verantwortliche Person f\u00fcr die Redaktion R\u00fcdiger BerndtGie\u00dfereistra\u00dfe 1685435 Erding Streitbeilegungsverfahren vor einer Verbraucherschlichtungsstelle Wir sind nicht bereit oder [&hellip;]","og_url":"https:\/\/idabus.com\/de\/informationen-zum-unternehmen\/","og_site_name":"IDABUS D.O.O.","article_modified_time":"2026-01-22T12:11:20+00:00","twitter_card":"summary_large_image","twitter_misc":{"Gesch\u00e4tzte Lesezeit":"1\u00a0Minute"},"schema":{"@context":"https:\/\/schema.org","@graph":[{"@type":"WebPage","@id":"https:\/\/idabus.com\/de\/informationen-zum-unternehmen\/","url":"https:\/\/idabus.com\/de\/informationen-zum-unternehmen\/","name":"Impressum | Unternehmensinformationen","isPartOf":{"@id":"https:\/\/idabus.com\/de\/#website"},"datePublished":"2022-03-22T11:08:11+00:00","dateModified":"2026-01-22T12:11:20+00:00","breadcrumb":{"@id":"https:\/\/idabus.com\/de\/informationen-zum-unternehmen\/#breadcrumb"},"inLanguage":"de","potentialAction":[{"@type":"ReadAction","target":["https:\/\/idabus.com\/de\/informationen-zum-unternehmen\/"]}]},{"@type":"BreadcrumbList","@id":"https:\/\/idabus.com\/de\/informationen-zum-unternehmen\/#breadcrumb","itemListElement":[{"@type":"ListItem","position":1,"name":"Startseite","item":"https:\/\/idabus.com\/de\/idabus-d-o-o\/"},{"@type":"ListItem","position":2,"name":"Informationen zum Unternehmen"}]},{"@type":"WebSite","@id":"https:\/\/idabus.com\/de\/#website","url":"https:\/\/idabus.com\/de\/","name":"IDABUS D.O.O.","description":"Identity and Access Management Systems | IDABUS","publisher":{"@id":"https:\/\/idabus.com\/de\/#organization"},"potentialAction":[{"@type":"SearchAction","target":{"@type":"EntryPoint","urlTemplate":"https:\/\/idabus.com\/de\/?s={search_term_string}"},"query-input":{"@type":"PropertyValueSpecification","valueRequired":true,"valueName":"search_term_string"}}],"inLanguage":"de"},{"@type":"Organization","@id":"https:\/\/idabus.com\/de\/#organization","name":"IDABUS D.O.O.","url":"https:\/\/idabus.com\/de\/","logo":{"@type":"ImageObject","inLanguage":"de","@id":"https:\/\/idabus.com\/de\/#\/schema\/logo\/image\/","url":"https:\/\/idabus.com\/wp-content\/uploads\/sites\/3\/2022\/03\/Idabus_Logo.png","contentUrl":"https:\/\/idabus.com\/wp-content\/uploads\/sites\/3\/2022\/03\/Idabus_Logo.png","width":486,"height":117,"caption":"IDABUS D.O.O."},"image":{"@id":"https:\/\/idabus.com\/de\/#\/schema\/logo\/image\/"}}]}},"_links":{"self":[{"href":"https:\/\/idabus.com\/de\/wp-json\/wp\/v2\/pages\/2504","targetHints":{"allow":["GET"]}}],"collection":[{"href":"https:\/\/idabus.com\/de\/wp-json\/wp\/v2\/pages"}],"about":[{"href":"https:\/\/idabus.com\/de\/wp-json\/wp\/v2\/types\/page"}],"author":[{"embeddable":true,"href":"https:\/\/idabus.com\/de\/wp-json\/wp\/v2\/users\/1"}],"replies":[{"embeddable":true,"href":"https:\/\/idabus.com\/de\/wp-json\/wp\/v2\/comments?post=2504"}],"version-history":[{"count":3,"href":"https:\/\/idabus.com\/de\/wp-json\/wp\/v2\/pages\/2504\/revisions"}],"predecessor-version":[{"id":2541,"href":"https:\/\/idabus.com\/de\/wp-json\/wp\/v2\/pages\/2504\/revisions\/2541"}],"wp:attachment":[{"href":"https:\/\/idabus.com\/de\/wp-json\/wp\/v2\/media?parent=2504"}],"curies":[{"name":"wp","href":"https:\/\/api.w.org\/{rel}","templated":true}]}}