{"id":2582,"date":"2024-12-16T09:27:51","date_gmt":"2024-12-16T08:27:51","guid":{"rendered":"https:\/\/idabus.com\/idabus-user-group\/"},"modified":"2026-01-22T20:44:51","modified_gmt":"2026-01-22T19:44:51","slug":"idabus-user-group","status":"publish","type":"page","link":"https:\/\/idabus.com\/de\/idabus-user-group\/","title":{"rendered":"IDABUS User Group"},"content":{"rendered":"\t\t<div data-elementor-type=\"wp-page\" data-elementor-id=\"2582\" class=\"elementor elementor-2582 elementor-1848\" data-elementor-post-type=\"page\">\n\t\t\t\t\t\t<section class=\"has_eae_slider elementor-section elementor-top-section elementor-element elementor-element-2a811f1d elementor-section-boxed elementor-section-height-default elementor-section-height-default\" data-eae-slider=\"81957\" data-id=\"2a811f1d\" data-element_type=\"section\">\n\t\t\t\t\t\t<div class=\"elementor-container elementor-column-gap-default\">\n\t\t\t\t\t<div class=\"has_eae_slider elementor-column elementor-col-100 elementor-top-column elementor-element elementor-element-4ab37786\" data-eae-slider=\"70129\" data-id=\"4ab37786\" data-element_type=\"column\">\n\t\t\t<div class=\"elementor-widget-wrap\">\n\t\t\t\t\t\t\t<\/div>\n\t\t<\/div>\n\t\t\t\t\t<\/div>\n\t\t<\/section>\n\t\t\t\t<section class=\"has_eae_slider elementor-section elementor-top-section elementor-element elementor-element-2709f152 elementor-section-full_width elementor-section-height-full elementor-section-height-default elementor-section-items-middle\" data-eae-slider=\"23343\" data-id=\"2709f152\" data-element_type=\"section\" data-settings=\"{&quot;background_background&quot;:&quot;classic&quot;}\">\n\t\t\t\t\t\t\t<div class=\"elementor-background-overlay\"><\/div>\n\t\t\t\t\t\t\t<div class=\"elementor-container elementor-column-gap-default\">\n\t\t\t\t\t<div class=\"has_eae_slider elementor-column elementor-col-100 elementor-top-column elementor-element elementor-element-1e7fda15\" data-eae-slider=\"76894\" data-id=\"1e7fda15\" data-element_type=\"column\">\n\t\t\t<div class=\"elementor-widget-wrap elementor-element-populated\">\n\t\t\t\t\t\t<div class=\"elementor-element elementor-element-37db669c elementor-hidden-desktop elementor-hidden-tablet elementor-widget elementor-widget-spacer\" data-id=\"37db669c\" data-element_type=\"widget\" data-widget_type=\"spacer.default\">\n\t\t\t\t<div class=\"elementor-widget-container\">\n\t\t\t\t\t\t\t<div class=\"elementor-spacer\">\n\t\t\t<div class=\"elementor-spacer-inner\"><\/div>\n\t\t<\/div>\n\t\t\t\t\t\t<\/div>\n\t\t\t\t<\/div>\n\t\t\t\t<div class=\"elementor-element elementor-element-f59b11b elementor-widget elementor-widget-heading\" data-id=\"f59b11b\" data-element_type=\"widget\" data-widget_type=\"heading.default\">\n\t\t\t\t<div class=\"elementor-widget-container\">\n\t\t\t\t\t<h1 class=\"elementor-heading-title elementor-size-default\">IDABUS User Group<\/h1>\t\t\t\t<\/div>\n\t\t\t\t<\/div>\n\t\t\t\t<div class=\"elementor-element elementor-element-2d0ee794 elementor-view-default elementor-invisible elementor-widget elementor-widget-icon\" data-id=\"2d0ee794\" data-element_type=\"widget\" data-settings=\"{&quot;_animation&quot;:&quot;bounceIn&quot;}\" data-widget_type=\"icon.default\">\n\t\t\t\t<div class=\"elementor-widget-container\">\n\t\t\t\t\t\t\t<div class=\"elementor-icon-wrapper\">\n\t\t\t<a class=\"elementor-icon\" href=\"#scroll\">\n\t\t\t<i aria-hidden=\"true\" class=\"fas fa-angle-down\"><\/i>\t\t\t<\/a>\n\t\t<\/div>\n\t\t\t\t\t\t<\/div>\n\t\t\t\t<\/div>\n\t\t\t\t<div class=\"elementor-element elementor-element-5f853ce9 elementor-hidden-desktop elementor-hidden-tablet elementor-widget elementor-widget-spacer\" data-id=\"5f853ce9\" data-element_type=\"widget\" data-widget_type=\"spacer.default\">\n\t\t\t\t<div class=\"elementor-widget-container\">\n\t\t\t\t\t\t\t<div class=\"elementor-spacer\">\n\t\t\t<div class=\"elementor-spacer-inner\"><\/div>\n\t\t<\/div>\n\t\t\t\t\t\t<\/div>\n\t\t\t\t<\/div>\n\t\t\t\t\t<\/div>\n\t\t<\/div>\n\t\t\t\t\t<\/div>\n\t\t<\/section>\n\t\t\t\t<section class=\"has_eae_slider elementor-section elementor-top-section elementor-element elementor-element-5d156f1b elementor-section-content-middle elementor-section-boxed elementor-section-height-default elementor-section-height-default\" data-eae-slider=\"63951\" data-id=\"5d156f1b\" data-element_type=\"section\">\n\t\t\t\t\t\t<div class=\"elementor-container elementor-column-gap-default\">\n\t\t\t\t\t<div class=\"has_eae_slider elementor-column elementor-col-100 elementor-top-column elementor-element elementor-element-7fd3e80c\" data-eae-slider=\"68463\" data-id=\"7fd3e80c\" data-element_type=\"column\">\n\t\t\t<div class=\"elementor-widget-wrap elementor-element-populated\">\n\t\t\t\t\t\t<div class=\"elementor-element elementor-element-22e21903 elementor-widget__width-initial elementor-widget elementor-widget-text-editor\" data-id=\"22e21903\" data-element_type=\"widget\" data-widget_type=\"text-editor.default\">\n\t\t\t\t<div class=\"elementor-widget-container\">\n\t\t\t\t\t\t\t\t\t<h3 style=\"text-align: left;\"><span style=\"color: #004b70;\">Was Sie bei der IDABUS-Anwendergruppe erwartet:<\/span><\/h3><p><strong>Networking-M\u00f6glichkeiten:<\/strong> Vernetzen Sie sich mit gleichgesinnten Fachleuten, Branchenexperten und unserem Team, um Erkenntnisse, bew\u00e4hrte Verfahren und Erfolgsgeschichten auszutauschen.<\/p><p><strong>Detaillierte Einblicke in unsere L\u00f6sungen:<\/strong> Erhalten Sie exklusive und wertvolle Informationen zur optimalen Nutzung des Potenzials unserer Produkte und Dienstleistungen.<\/p><p><strong>Neuigkeiten aus erster Hand zu IDABUS: <\/strong>Erfahren Sie als einer der Ersten von Aktualisierungen, bevor diese offiziell angek\u00fcndigt werden.<\/p><p>Erfahrungsaustausch mit anderen Kunden: Teilen Sie die Erfahrungen anderer im Bereich Identit\u00e4ts- und Zugriffsmanagement und lernen Sie daraus.<\/p><p><strong>Gemeinsame Weiterentwicklung von IDABUS: <\/strong>Beteiligen Sie sich an der gemeinsamen Weiterentwicklung unserer Plattform.<\/p><p>Klicken Sie hier, um unserer <a href=\"https:\/\/www.linkedin.com\/groups\/9822133\/?utm_source=brevo&amp;utm_campaign=OCG%20News%20November%202024&amp;utm_medium=email\" target=\"_blank\" rel=\"noopener\">IDABUS-Benutzergruppe<\/a> beizutreten. Falls Sie kein LinkedIn-Konto besitzen, k\u00f6nnen Sie unserer IDABUS-Benutzergruppe auch \u00fcber <a href=\"https:\/\/teams.microsoft.com\/l\/channel\/19%3Ah5vVXromf5QP3nRHTWp8rxZB2GzdXw2XtWtyFWdvW0o1%40thread.tacv2\/User%20Group?groupId=7f874b07-a1bf-4763-ba14-0ecc84ca28f4&amp;tenantId=7b11e53a-9b4e-4672-b844-ed1a5c27a23d\" target=\"_blank\" rel=\"noopener\">Microsoft Teams <\/a>beitreten.  <br><br><\/p><div> <\/div><div><h2>Jetzt anmelden zum IDABUS-Anwendertreffen in Tivat, Montenegro!<\/h2><p>Das Anwendertreffen findet am 10. April 2025 statt. Sichern Sie sich Ihren kostenlosen Platz in der <u>IDABUS-Anwendergruppe<\/u> und gestalten Sie sie von Anfang an mit \u2013 direkt in Tivat, Montenegro. Bitte melden Sie sich per E-Mail unter <a href=\"mailto:sales@ocg.de\">sales@ocg<\/a>.de an.   <\/p><\/div><table role=\"presentation\" border=\"0\" width=\"100%\" cellspacing=\"0\" cellpadding=\"0\"><tbody><tr><td align=\"left\"><ul><li><strong>M\u00f6chten Sie Neuigkeiten zu IDABUS aus erster Hand erhalten, bevor es offiziell angek\u00fcndigt wird?<\/strong><\/li><li><strong>M\u00f6chten Sie sich mit anderen Kunden im Bereich Identit\u00e4ts- und Zugriffsmanagement austauschen?<\/strong><\/li><li><strong>M\u00f6chten Sie aktiv zur Weiterentwicklung von IDABUS beitragen?<\/strong><\/li><\/ul><\/td><\/tr><\/tbody><\/table><p><strong>Was Sie erwartet:<\/strong><\/p><p>\ud83e\udd1d<strong> Networking-M\u00f6glichkeiten: <\/strong>Vernetzen Sie sich mit gleichgesinnten Fachleuten, Branchenexperten und unserem Team, um Erkenntnisse, Best Practices und Erfolgsgeschichten auszutauschen.<\/p><p>\ud83d\udd0d <strong>Detaillierte Einblicke in unsere L\u00f6sungen: <\/strong>Erhalten Sie exklusive und wertvolle Informationen zur Maximierung des Potenzials unserer Produkte und Dienstleistungen.<\/p><p>\ud83c\udf89 Kostenlos: Wir glauben an die F\u00f6rderung von Zusammenarbeit und Wissensaustausch innerhalb unserer Community, und diese Veranstaltung ist unser Dankesch\u00f6n f\u00fcr Ihre anhaltende Unterst\u00fctzung.<\/p><p>\u2708\ufe0f <strong>Selbstorganisierte Reise: <\/strong>\u00dcbernehmen Sie die Kontrolle \u00fcber Ihre Reiseplanung nach Montenegro. Unser Team gibt Ihnen gerne Empfehlungen und unterst\u00fctzt Sie bei Bedarf. <\/p><p><b>Zur Registrierung:<\/b><\/p><p>Ines Kielmann<br><span style=\"color: var( --e-global-color-text );\">+49 8122 89 20 89-0<\/span><br><a href=\"mailto:sales@ocg.de\" target=\"_blank\" rel=\"noopener\">sales@ocg.de<\/a><\/p>\t\t\t\t\t\t\t\t<\/div>\n\t\t\t\t<\/div>\n\t\t\t\t\t<\/div>\n\t\t<\/div>\n\t\t\t\t\t<\/div>\n\t\t<\/section>\n\t\t\t\t<section class=\"has_eae_slider elementor-section elementor-top-section elementor-element elementor-element-2ee6713 elementor-section-boxed elementor-section-height-default elementor-section-height-default\" data-eae-slider=\"18055\" data-id=\"2ee6713\" data-element_type=\"section\">\n\t\t\t\t\t\t<div class=\"elementor-container elementor-column-gap-default\">\n\t\t\t\t\t<div class=\"has_eae_slider elementor-column elementor-col-100 elementor-top-column elementor-element elementor-element-552ccefe\" data-eae-slider=\"10369\" data-id=\"552ccefe\" data-element_type=\"column\">\n\t\t\t<div class=\"elementor-widget-wrap elementor-element-populated\">\n\t\t\t\t\t\t<div class=\"elementor-element elementor-element-63c38057 elementor-widget elementor-widget-spacer\" data-id=\"63c38057\" data-element_type=\"widget\" data-widget_type=\"spacer.default\">\n\t\t\t\t<div class=\"elementor-widget-container\">\n\t\t\t\t\t\t\t<div class=\"elementor-spacer\">\n\t\t\t<div class=\"elementor-spacer-inner\"><\/div>\n\t\t<\/div>\n\t\t\t\t\t\t<\/div>\n\t\t\t\t<\/div>\n\t\t\t\t\t<\/div>\n\t\t<\/div>\n\t\t\t\t\t<\/div>\n\t\t<\/section>\n\t\t\t\t<\/div>\n\t\t","protected":false},"excerpt":{"rendered":"<p>IDABUS User Group Was Sie bei der IDABUS-Anwendergruppe erwartet: Networking-M\u00f6glichkeiten: Vernetzen Sie sich mit gleichgesinnten Fachleuten, Branchenexperten und unserem Team, um Erkenntnisse, bew\u00e4hrte Verfahren und Erfolgsgeschichten auszutauschen. Detaillierte Einblicke in unsere L\u00f6sungen: Erhalten Sie exklusive und wertvolle Informationen zur optimalen Nutzung des Potenzials unserer Produkte und Dienstleistungen. Neuigkeiten aus erster Hand zu IDABUS: Erfahren Sie [&hellip;]<\/p>\n","protected":false},"author":11,"featured_media":0,"parent":0,"menu_order":0,"comment_status":"closed","ping_status":"closed","template":"","meta":{"footnotes":""},"class_list":["post-2582","page","type-page","status-publish","hentry"],"yoast_head":"<!-- This site is optimized with the Yoast SEO plugin v26.6 - https:\/\/yoast.com\/wordpress\/plugins\/seo\/ -->\n<title>IDABUS User Group - IDABUS D.O.O.<\/title>\n<meta name=\"robots\" content=\"index, follow, max-snippet:-1, max-image-preview:large, max-video-preview:-1\" \/>\n<link rel=\"canonical\" href=\"https:\/\/idabus.com\/de\/idabus-user-group\/\" \/>\n<meta property=\"og:locale\" content=\"de_DE\" \/>\n<meta property=\"og:type\" content=\"article\" \/>\n<meta property=\"og:title\" content=\"IDABUS User Group - IDABUS D.O.O.\" \/>\n<meta property=\"og:description\" content=\"IDABUS User Group Was Sie bei der IDABUS-Anwendergruppe erwartet: Networking-M\u00f6glichkeiten: Vernetzen Sie sich mit gleichgesinnten Fachleuten, Branchenexperten und unserem Team, um Erkenntnisse, bew\u00e4hrte Verfahren und Erfolgsgeschichten auszutauschen. Detaillierte Einblicke in unsere L\u00f6sungen: Erhalten Sie exklusive und wertvolle Informationen zur optimalen Nutzung des Potenzials unserer Produkte und Dienstleistungen. Neuigkeiten aus erster Hand zu IDABUS: Erfahren Sie [&hellip;]\" \/>\n<meta property=\"og:url\" content=\"https:\/\/idabus.com\/de\/idabus-user-group\/\" \/>\n<meta property=\"og:site_name\" content=\"IDABUS D.O.O.\" \/>\n<meta property=\"article:modified_time\" content=\"2026-01-22T19:44:51+00:00\" \/>\n<meta name=\"twitter:card\" content=\"summary_large_image\" \/>\n<meta name=\"twitter:label1\" content=\"Gesch\u00e4tzte Lesezeit\" \/>\n\t<meta name=\"twitter:data1\" content=\"2\u00a0Minuten\" \/>\n<script type=\"application\/ld+json\" class=\"yoast-schema-graph\">{\"@context\":\"https:\/\/schema.org\",\"@graph\":[{\"@type\":\"WebPage\",\"@id\":\"https:\/\/idabus.com\/de\/idabus-user-group\/\",\"url\":\"https:\/\/idabus.com\/de\/idabus-user-group\/\",\"name\":\"IDABUS User Group - IDABUS D.O.O.\",\"isPartOf\":{\"@id\":\"https:\/\/idabus.com\/de\/#website\"},\"datePublished\":\"2024-12-16T08:27:51+00:00\",\"dateModified\":\"2026-01-22T19:44:51+00:00\",\"breadcrumb\":{\"@id\":\"https:\/\/idabus.com\/de\/idabus-user-group\/#breadcrumb\"},\"inLanguage\":\"de\",\"potentialAction\":[{\"@type\":\"ReadAction\",\"target\":[\"https:\/\/idabus.com\/de\/idabus-user-group\/\"]}]},{\"@type\":\"BreadcrumbList\",\"@id\":\"https:\/\/idabus.com\/de\/idabus-user-group\/#breadcrumb\",\"itemListElement\":[{\"@type\":\"ListItem\",\"position\":1,\"name\":\"Startseite\",\"item\":\"https:\/\/idabus.com\/de\/idabus-d-o-o\/\"},{\"@type\":\"ListItem\",\"position\":2,\"name\":\"IDABUS User Group\"}]},{\"@type\":\"WebSite\",\"@id\":\"https:\/\/idabus.com\/de\/#website\",\"url\":\"https:\/\/idabus.com\/de\/\",\"name\":\"IDABUS D.O.O.\",\"description\":\"Identity and Access Management Systems | IDABUS\",\"publisher\":{\"@id\":\"https:\/\/idabus.com\/de\/#organization\"},\"potentialAction\":[{\"@type\":\"SearchAction\",\"target\":{\"@type\":\"EntryPoint\",\"urlTemplate\":\"https:\/\/idabus.com\/de\/?s={search_term_string}\"},\"query-input\":{\"@type\":\"PropertyValueSpecification\",\"valueRequired\":true,\"valueName\":\"search_term_string\"}}],\"inLanguage\":\"de\"},{\"@type\":\"Organization\",\"@id\":\"https:\/\/idabus.com\/de\/#organization\",\"name\":\"IDABUS D.O.O.\",\"url\":\"https:\/\/idabus.com\/de\/\",\"logo\":{\"@type\":\"ImageObject\",\"inLanguage\":\"de\",\"@id\":\"https:\/\/idabus.com\/de\/#\/schema\/logo\/image\/\",\"url\":\"https:\/\/idabus.com\/wp-content\/uploads\/sites\/3\/2022\/03\/Idabus_Logo.png\",\"contentUrl\":\"https:\/\/idabus.com\/wp-content\/uploads\/sites\/3\/2022\/03\/Idabus_Logo.png\",\"width\":486,\"height\":117,\"caption\":\"IDABUS D.O.O.\"},\"image\":{\"@id\":\"https:\/\/idabus.com\/de\/#\/schema\/logo\/image\/\"}}]}<\/script>\n<!-- \/ Yoast SEO plugin. -->","yoast_head_json":{"title":"IDABUS User Group - IDABUS D.O.O.","robots":{"index":"index","follow":"follow","max-snippet":"max-snippet:-1","max-image-preview":"max-image-preview:large","max-video-preview":"max-video-preview:-1"},"canonical":"https:\/\/idabus.com\/de\/idabus-user-group\/","og_locale":"de_DE","og_type":"article","og_title":"IDABUS User Group - IDABUS D.O.O.","og_description":"IDABUS User Group Was Sie bei der IDABUS-Anwendergruppe erwartet: Networking-M\u00f6glichkeiten: Vernetzen Sie sich mit gleichgesinnten Fachleuten, Branchenexperten und unserem Team, um Erkenntnisse, bew\u00e4hrte Verfahren und Erfolgsgeschichten auszutauschen. Detaillierte Einblicke in unsere L\u00f6sungen: Erhalten Sie exklusive und wertvolle Informationen zur optimalen Nutzung des Potenzials unserer Produkte und Dienstleistungen. Neuigkeiten aus erster Hand zu IDABUS: Erfahren Sie [&hellip;]","og_url":"https:\/\/idabus.com\/de\/idabus-user-group\/","og_site_name":"IDABUS D.O.O.","article_modified_time":"2026-01-22T19:44:51+00:00","twitter_card":"summary_large_image","twitter_misc":{"Gesch\u00e4tzte Lesezeit":"2\u00a0Minuten"},"schema":{"@context":"https:\/\/schema.org","@graph":[{"@type":"WebPage","@id":"https:\/\/idabus.com\/de\/idabus-user-group\/","url":"https:\/\/idabus.com\/de\/idabus-user-group\/","name":"IDABUS User Group - IDABUS D.O.O.","isPartOf":{"@id":"https:\/\/idabus.com\/de\/#website"},"datePublished":"2024-12-16T08:27:51+00:00","dateModified":"2026-01-22T19:44:51+00:00","breadcrumb":{"@id":"https:\/\/idabus.com\/de\/idabus-user-group\/#breadcrumb"},"inLanguage":"de","potentialAction":[{"@type":"ReadAction","target":["https:\/\/idabus.com\/de\/idabus-user-group\/"]}]},{"@type":"BreadcrumbList","@id":"https:\/\/idabus.com\/de\/idabus-user-group\/#breadcrumb","itemListElement":[{"@type":"ListItem","position":1,"name":"Startseite","item":"https:\/\/idabus.com\/de\/idabus-d-o-o\/"},{"@type":"ListItem","position":2,"name":"IDABUS User Group"}]},{"@type":"WebSite","@id":"https:\/\/idabus.com\/de\/#website","url":"https:\/\/idabus.com\/de\/","name":"IDABUS D.O.O.","description":"Identity and Access Management Systems | IDABUS","publisher":{"@id":"https:\/\/idabus.com\/de\/#organization"},"potentialAction":[{"@type":"SearchAction","target":{"@type":"EntryPoint","urlTemplate":"https:\/\/idabus.com\/de\/?s={search_term_string}"},"query-input":{"@type":"PropertyValueSpecification","valueRequired":true,"valueName":"search_term_string"}}],"inLanguage":"de"},{"@type":"Organization","@id":"https:\/\/idabus.com\/de\/#organization","name":"IDABUS D.O.O.","url":"https:\/\/idabus.com\/de\/","logo":{"@type":"ImageObject","inLanguage":"de","@id":"https:\/\/idabus.com\/de\/#\/schema\/logo\/image\/","url":"https:\/\/idabus.com\/wp-content\/uploads\/sites\/3\/2022\/03\/Idabus_Logo.png","contentUrl":"https:\/\/idabus.com\/wp-content\/uploads\/sites\/3\/2022\/03\/Idabus_Logo.png","width":486,"height":117,"caption":"IDABUS D.O.O."},"image":{"@id":"https:\/\/idabus.com\/de\/#\/schema\/logo\/image\/"}}]}},"_links":{"self":[{"href":"https:\/\/idabus.com\/de\/wp-json\/wp\/v2\/pages\/2582","targetHints":{"allow":["GET"]}}],"collection":[{"href":"https:\/\/idabus.com\/de\/wp-json\/wp\/v2\/pages"}],"about":[{"href":"https:\/\/idabus.com\/de\/wp-json\/wp\/v2\/types\/page"}],"author":[{"embeddable":true,"href":"https:\/\/idabus.com\/de\/wp-json\/wp\/v2\/users\/11"}],"replies":[{"embeddable":true,"href":"https:\/\/idabus.com\/de\/wp-json\/wp\/v2\/comments?post=2582"}],"version-history":[{"count":1,"href":"https:\/\/idabus.com\/de\/wp-json\/wp\/v2\/pages\/2582\/revisions"}],"predecessor-version":[{"id":2583,"href":"https:\/\/idabus.com\/de\/wp-json\/wp\/v2\/pages\/2582\/revisions\/2583"}],"wp:attachment":[{"href":"https:\/\/idabus.com\/de\/wp-json\/wp\/v2\/media?parent=2582"}],"curies":[{"name":"wp","href":"https:\/\/api.w.org\/{rel}","templated":true}]}}